{"id":5929,"date":"2019-06-27T09:00:26","date_gmt":"2019-06-27T09:00:26","guid":{"rendered":"https:\/\/www.kifife-operndorf.com\/programm\/"},"modified":"2023-03-14T11:53:33","modified_gmt":"2023-03-14T11:53:33","slug":"programm","status":"publish","type":"page","link":"https:\/\/www.kifife-operndorf.com\/de\/programm-2022\/","title":{"rendered":"Programm 2022"},"content":{"rendered":"<div class=\"wpb-content-wrapper\"><p>[vc_row row_content_width=&#8220;grid&#8220; css=&#8220;.vc_custom_1561717674794{padding-top: 130px !important;padding-bottom: 80px !important;}&#8220;][vc_column width=&#8220;1\/6&#8243;][\/vc_column][vc_column width=&#8220;2\/3&#8243;][vc_custom_heading text=&#8220;Festivalprogramm&#8220; font_container=&#8220;tag:h2|text_align:center&#8220; use_theme_fonts=&#8220;yes&#8220;]<h3 class=\"qodef-custom-font-holder  qodef-cf-5675  \" style=\"text-align: center\" data-item-class=\"qodef-cf-5675\">\n\t4. \u2013 7. Mai 2022<\/h3>[vc_empty_space height=&#8220;42px&#8220;]<div class=\"qodef-single-image-holder   \">\n    <div class=\"qodef-si-inner\" >\n                                    <img loading=\"lazy\" decoding=\"async\" width=\"4128\" height=\"133\" src=\"https:\/\/www.kifife-operndorf.com\/wp-content\/uploads\/2019\/06\/Afrika_Muster1.png\" class=\"attachment-full size-full\" alt=\"\" srcset=\"https:\/\/www.kifife-operndorf.com\/wp-content\/uploads\/2019\/06\/Afrika_Muster1.png 4128w, https:\/\/www.kifife-operndorf.com\/wp-content\/uploads\/2019\/06\/Afrika_Muster1-300x10.png 300w, https:\/\/www.kifife-operndorf.com\/wp-content\/uploads\/2019\/06\/Afrika_Muster1-768x25.png 768w, https:\/\/www.kifife-operndorf.com\/wp-content\/uploads\/2019\/06\/Afrika_Muster1-1024x33.png 1024w\" sizes=\"auto, (max-width: 4128px) 100vw, 4128px\" \/>                        <\/div>\n<\/div>[\/vc_column][vc_column width=&#8220;1\/6&#8243;][\/vc_column][\/vc_row][vc_row row_content_width=&#8220;grid&#8220; simple_background_color=&#8220;#fff79a&#8220; css=&#8220;.vc_custom_1561718121721{padding-top: 80px !important;padding-bottom: 100px !important;}&#8220;][vc_column width=&#8220;1\/6&#8243;][\/vc_column][vc_column width=&#8220;2\/3&#8243;]<h3 class=\"qodef-custom-font-holder  qodef-cf-4352  \" style=\"text-align: left\" data-item-class=\"qodef-cf-4352\">\n\tMittwoch, 4. Mai<\/h3><div class=\"qodef-single-image-holder   \">\n    <div class=\"qodef-si-inner\" >\n                                    <img loading=\"lazy\" decoding=\"async\" width=\"4128\" height=\"133\" src=\"https:\/\/www.kifife-operndorf.com\/wp-content\/uploads\/2019\/06\/Afrika_Muster1.png\" class=\"attachment-full size-full\" alt=\"\" srcset=\"https:\/\/www.kifife-operndorf.com\/wp-content\/uploads\/2019\/06\/Afrika_Muster1.png 4128w, https:\/\/www.kifife-operndorf.com\/wp-content\/uploads\/2019\/06\/Afrika_Muster1-300x10.png 300w, https:\/\/www.kifife-operndorf.com\/wp-content\/uploads\/2019\/06\/Afrika_Muster1-768x25.png 768w, https:\/\/www.kifife-operndorf.com\/wp-content\/uploads\/2019\/06\/Afrika_Muster1-1024x33.png 1024w\" sizes=\"auto, (max-width: 4128px) 100vw, 4128px\" \/>                        <\/div>\n<\/div>[vc_empty_space height=&#8220;42px&#8220;][vc_row_inner equal_height=&#8220;yes&#8220; content_placement=&#8220;top&#8220; css=&#8220;.vc_custom_1561713648249{padding-bottom: 35px !important;}&#8220; el_class=&#8220;program_event_zeile&#8220;][vc_column_inner width=&#8220;1\/4&#8243;][vc_column_text]<\/p>\n<h5><strong>09:30 Uhr<br \/>\n<\/strong><\/h5>\n<p>[\/vc_column_text][\/vc_column_inner][vc_column_inner width=&#8220;2\/4&#8243;][vc_column_text el_class=&#8220;program_title&#8220;]<\/p>\n<h4><a href=\"https:\/\/www.kifife-operndorf.com\/de\/program\/eroeffnung-des-festivals-2022\/\"><strong>Festivaler\u00f6ffnung<\/strong><\/a><\/h4>\n<p>[\/vc_column_text][\/vc_column_inner][vc_column_inner width=&#8220;1\/4&#8243;][vc_column_text el_class=&#8220;program_location&#8220;]<\/p>\n<h5><strong><span style=\"color: #fc1ba2;\">OPERNDORF<\/span><\/strong><\/h5>\n<p>[\/vc_column_text][\/vc_column_inner][\/vc_row_inner][vc_row_inner equal_height=&#8220;yes&#8220; content_placement=&#8220;top&#8220; css=&#8220;.vc_custom_1561713648249{padding-bottom: 35px !important;}&#8220; el_class=&#8220;program_event_zeile&#8220;][vc_column_inner width=&#8220;1\/4&#8243;][vc_column_text]<\/p>\n<h5><strong>01:00 PM<\/strong><\/h5>\n<p>[\/vc_column_text][\/vc_column_inner][vc_column_inner width=&#8220;2\/4&#8243;][vc_column_text el_class=&#8220;program_title&#8220;]<\/p>\n<h4><a href=\"https:\/\/www.kifife-operndorf.com\/de\/program\/workshops-drehbuch-animation-schauspiel\/\"><strong>Workshops<\/strong><\/a><\/h4>\n<p>[\/vc_column_text][vc_empty_space height=&#8220;10px&#8220;][vc_column_text]<\/p>\n<ul>\n<li><strong>Animation<\/strong> mit Doh Daiga (Kamerun)<\/li>\n<li><b>Drehbuch<\/b> mit Sidiki Yougbare\u0301 (Burkina Faso)<\/li>\n<li><strong>Schauspiel<\/strong> mit E\u0301le\u0301onore Kocty (Burkina Faso)<\/li>\n<\/ul>\n<p>[\/vc_column_text][\/vc_column_inner][vc_column_inner width=&#8220;1\/4&#8243;][vc_column_text el_class=&#8220;program_location&#8220;]<\/p>\n<h5><strong><span style=\"color: #fc1ba2;\">OPERNDORF<\/span><\/strong><\/h5>\n<p>[\/vc_column_text][\/vc_column_inner][\/vc_row_inner][vc_row_inner equal_height=&#8220;yes&#8220; content_placement=&#8220;top&#8220; css=&#8220;.vc_custom_1561713648249{padding-bottom: 35px !important;}&#8220; el_class=&#8220;program_event_zeile&#8220;][vc_column_inner width=&#8220;1\/4&#8243;][vc_column_text]<\/p>\n<h5><strong>01:00 PM<\/strong><\/h5>\n<p>[\/vc_column_text][\/vc_column_inner][vc_column_inner width=&#8220;2\/4&#8243;][vc_column_text el_class=&#8220;program_title&#8220;]<\/p>\n<h4><a href=\"https:\/\/www.kifife-operndorf.com\/de\/program\/filmvorfuehrung-animation-films\/\"><strong>Screening<\/strong><\/a><\/h4>\n<p>[\/vc_column_text][vc_empty_space height=&#8220;10px&#8220;][vc_column_text]Kurzfilmprogramm (in Kollaboration mit Association Burkinab\u00e8 de Cin\u00e9ma Animation)<\/p>\n<p><strong>ODE A\u0300 LA CRE\u0301ATIVITE\u0301 <\/strong>von Andre\u0301 Daniel Tapsoba<\/p>\n<p><strong>MARA ET TEMPE\u0302TE DANS UNE CALEBASSE <\/strong>von Serge Dimitri Pitroipa<\/p>\n<p><strong>MOFIALA (LE PHARE) <\/strong>von Boris Kpadenou<\/p>\n<p><strong>SOUNDIATA KEITA, LE RE\u0301VEIL DU LION <\/strong>von Kan Souffle[\/vc_column_text][\/vc_column_inner][vc_column_inner width=&#8220;1\/4&#8243;][vc_column_text el_class=&#8220;program_location&#8220;]<\/p>\n<h5><strong><span style=\"color: #fc1ba2;\">OPERNDORF<\/span><\/strong><\/h5>\n<p>[\/vc_column_text][\/vc_column_inner][\/vc_row_inner][vc_row_inner equal_height=&#8220;yes&#8220; content_placement=&#8220;top&#8220; css=&#8220;.vc_custom_1561713648249{padding-bottom: 35px !important;}&#8220; el_class=&#8220;program_event_zeile&#8220;][vc_column_inner width=&#8220;1\/4&#8243;][vc_column_text]<\/p>\n<h5><strong>07:30 PM<\/strong><\/h5>\n<p>[\/vc_column_text][\/vc_column_inner][vc_column_inner width=&#8220;2\/4&#8243;][vc_column_text el_class=&#8220;program_title&#8220;]<\/p>\n<h4><a href=\"https:\/\/www.kifife-operndorf.com\/de\/program\/filmvorfuehrung-je-me-suis-mordue-la-langue-und-desrances\/\"><strong>Screening<\/strong><\/a><\/h4>\n<p>[\/vc_column_text][vc_empty_space height=&#8220;10px&#8220;][vc_column_text]<span style=\"color: #000000;\"><strong>JE ME SUIS MORDUE LA LANGUE<\/strong> von Nina Khada<\/span><\/p>\n<p><span style=\"color: #000000;\">Alg\u00e9rie \/ Tunisie | 2020 | Dokumentation | 25 min.<\/span><\/p>\n<p><strong><span style=\"color: #000000;\">Witba: Une femme Leader von Apolline Traor\u00e9<\/span><\/strong><\/p>\n<p><span style=\"color: #000000;\">Burkina Faso | documentrary\/fiction | 56 min.<\/span>[\/vc_column_text][\/vc_column_inner][vc_column_inner width=&#8220;1\/4&#8243;][vc_column_text el_class=&#8220;program_location&#8220;]<\/p>\n<h5><strong><span style=\"color: #fc1ba2;\">ZINIAR\u00c9<\/span><\/strong><\/h5>\n<p>[\/vc_column_text][\/vc_column_inner][\/vc_row_inner][\/vc_column][vc_column width=&#8220;1\/6&#8243;][\/vc_column][\/vc_row][vc_row el_class=&#8220;program_bg_muster1&#8243; css=&#8220;.vc_custom_1561977566070{background-image: url(https:\/\/www.kifife-operndorf.com\/wp-content\/uploads\/2019\/07\/bg_gelb_weiss_2.png?id=5661) !important;}&#8220;][vc_column][\/vc_column][\/vc_row][vc_row row_content_width=&#8220;grid&#8220; css=&#8220;.vc_custom_1561977684237{padding-top: 75px !important;padding-bottom: 100px !important;}&#8220;][vc_column width=&#8220;1\/6&#8243;][\/vc_column][vc_column width=&#8220;2\/3&#8243;]<h3 class=\"qodef-custom-font-holder  qodef-cf-2731  \" style=\"text-align: left\" data-item-class=\"qodef-cf-2731\">\n\tDonnerstag, 5. Mai<\/h3><div class=\"qodef-single-image-holder   \">\n    <div class=\"qodef-si-inner\" >\n                                    <img loading=\"lazy\" decoding=\"async\" width=\"4128\" height=\"133\" src=\"https:\/\/www.kifife-operndorf.com\/wp-content\/uploads\/2019\/06\/Afrika_Muster1.png\" class=\"attachment-full size-full\" alt=\"\" srcset=\"https:\/\/www.kifife-operndorf.com\/wp-content\/uploads\/2019\/06\/Afrika_Muster1.png 4128w, https:\/\/www.kifife-operndorf.com\/wp-content\/uploads\/2019\/06\/Afrika_Muster1-300x10.png 300w, https:\/\/www.kifife-operndorf.com\/wp-content\/uploads\/2019\/06\/Afrika_Muster1-768x25.png 768w, https:\/\/www.kifife-operndorf.com\/wp-content\/uploads\/2019\/06\/Afrika_Muster1-1024x33.png 1024w\" sizes=\"auto, (max-width: 4128px) 100vw, 4128px\" \/>                        <\/div>\n<\/div>[vc_empty_space height=&#8220;42px&#8220;][vc_row_inner equal_height=&#8220;yes&#8220; content_placement=&#8220;top&#8220; css=&#8220;.vc_custom_1561713648249{padding-bottom: 35px !important;}&#8220; el_class=&#8220;program_event_zeile&#8220;][vc_column_inner width=&#8220;1\/4&#8243;][vc_column_text]<\/p>\n<h5><strong>01:00 PM<\/strong><\/h5>\n<p>[\/vc_column_text][\/vc_column_inner][vc_column_inner width=&#8220;2\/4&#8243;][vc_column_text el_class=&#8220;program_title&#8220;]<\/p>\n<h4><a href=\"https:\/\/www.kifife-operndorf.com\/de\/program\/workshops-skriptwriting-animation-acting\/\"><strong>Workshops<\/strong><\/a><\/h4>\n<p>[\/vc_column_text][vc_empty_space height=&#8220;10px&#8220;][vc_column_text]<\/p>\n<ul>\n<li><strong>Animation<\/strong> mit Doh Daiga (Kamerun)<\/li>\n<li><b>Drehbuch<\/b> mit Sidiki Yougbare\u0301 (Burkina Faso)<\/li>\n<li><strong>Schauspiel<\/strong> mit E\u0301le\u0301onore Kocty (Burkina Faso)<\/li>\n<\/ul>\n<p>[\/vc_column_text][\/vc_column_inner][vc_column_inner width=&#8220;1\/4&#8243;][vc_column_text el_class=&#8220;program_location&#8220;]<\/p>\n<h5><strong><span style=\"color: #fc1ba2;\">OPERNDORF<\/span><\/strong><\/h5>\n<p>[\/vc_column_text][\/vc_column_inner][\/vc_row_inner][vc_row_inner equal_height=&#8220;yes&#8220; content_placement=&#8220;top&#8220; css=&#8220;.vc_custom_1561713648249{padding-bottom: 35px !important;}&#8220; el_class=&#8220;program_event_zeile&#8220;][vc_column_inner width=&#8220;1\/4&#8243;][vc_column_text]<\/p>\n<h5><strong>01:00 PM<\/strong><\/h5>\n<p>[\/vc_column_text][\/vc_column_inner][vc_column_inner width=&#8220;2\/4&#8243;][vc_column_text el_class=&#8220;program_title&#8220;]<\/p>\n<h4><strong><a href=\"https:\/\/www.kifife-operndorf.com\/de\/program\/filmvorfuehrung-zalissa-und-mica\/\">Screening<\/a><\/strong><\/h4>\n<p>[\/vc_column_text][vc_empty_space height=&#8220;10px&#8220;][vc_column_text]<strong>ZALISSA <\/strong>von Carine Bado<\/p>\n<p>Burkina Faso | 2019 | Court m\u00e9trage | 35 min.<\/p>\n<p><strong>B\u00c9OGN\u00c9ER\u00c9, L&#8217;ESPOIR DE LA SAVANE<\/strong> von Paul Zoungrana, Gaston Kabor\u00e9 and Toussaint Zongo<\/p>\n<p>Burkina Faso | 60 min.[\/vc_column_text][\/vc_column_inner][vc_column_inner width=&#8220;1\/4&#8243;][vc_column_text el_class=&#8220;program_location&#8220;]<\/p>\n<h5><strong><span style=\"color: #fc1ba2;\">ZINIAR\u00c9<\/span><\/strong><\/h5>\n<p>[\/vc_column_text][\/vc_column_inner][\/vc_row_inner][vc_row_inner equal_height=&#8220;yes&#8220; content_placement=&#8220;top&#8220; css=&#8220;.vc_custom_1561713648249{padding-bottom: 35px !important;}&#8220; el_class=&#8220;program_event_zeile&#8220;][vc_column_inner width=&#8220;1\/4&#8243;][vc_column_text]<\/p>\n<h5><strong>07:00 PM<\/strong><\/h5>\n<p>[\/vc_column_text][\/vc_column_inner][vc_column_inner width=&#8220;2\/4&#8243;][vc_column_text el_class=&#8220;program_title&#8220;]<\/p>\n<h4><strong><a href=\"https:\/\/www.kifife-operndorf.com\/de\/program\/filmvorfuehrung-yao\/\">Screening<\/a><\/strong><\/h4>\n<p>[\/vc_column_text][vc_empty_space height=&#8220;10px&#8220;][vc_column_text]<strong>YAO <\/strong>von Philippe Godeau<\/p>\n<p>Senegal\/France | 2018 | Kom\u00f6die | 104 min.[\/vc_column_text][\/vc_column_inner][vc_column_inner width=&#8220;1\/4&#8243;][vc_column_text el_class=&#8220;program_location&#8220;]<\/p>\n<h5><strong><span style=\"color: #fc1ba2;\">LAONGO<\/span><\/strong><\/h5>\n<p>[\/vc_column_text][\/vc_column_inner][\/vc_row_inner][\/vc_column][vc_column width=&#8220;1\/6&#8243;][\/vc_column][\/vc_row][vc_row el_class=&#8220;program_bg_muster2&#8243; css=&#8220;.vc_custom_1561976725977{background-image: url(https:\/\/www.kifife-operndorf.com\/wp-content\/uploads\/2019\/07\/bg_weiss-rosa-1_40px.png?id=5659) !important;}&#8220;][vc_column][\/vc_column][\/vc_row][vc_row row_content_width=&#8220;grid&#8220; css=&#8220;.vc_custom_1561718718097{padding-top: 80px !important;padding-bottom: 100px !important;}&#8220; simple_background_color=&#8220;#fecbc3&#8243;][vc_column width=&#8220;1\/6&#8243;][\/vc_column][vc_column width=&#8220;2\/3&#8243;]<h3 class=\"qodef-custom-font-holder  qodef-cf-8275  \" style=\"text-align: left\" data-item-class=\"qodef-cf-8275\">\n\tFreitag, 6. Mai<\/h3><div class=\"qodef-single-image-holder   \">\n    <div class=\"qodef-si-inner\" >\n                                    <img loading=\"lazy\" decoding=\"async\" width=\"4128\" height=\"133\" src=\"https:\/\/www.kifife-operndorf.com\/wp-content\/uploads\/2019\/06\/Afrika_Muster1.png\" class=\"attachment-full size-full\" alt=\"\" srcset=\"https:\/\/www.kifife-operndorf.com\/wp-content\/uploads\/2019\/06\/Afrika_Muster1.png 4128w, https:\/\/www.kifife-operndorf.com\/wp-content\/uploads\/2019\/06\/Afrika_Muster1-300x10.png 300w, https:\/\/www.kifife-operndorf.com\/wp-content\/uploads\/2019\/06\/Afrika_Muster1-768x25.png 768w, https:\/\/www.kifife-operndorf.com\/wp-content\/uploads\/2019\/06\/Afrika_Muster1-1024x33.png 1024w\" sizes=\"auto, (max-width: 4128px) 100vw, 4128px\" \/>                        <\/div>\n<\/div>[vc_empty_space height=&#8220;42px&#8220;][vc_row_inner equal_height=&#8220;yes&#8220; content_placement=&#8220;top&#8220; css=&#8220;.vc_custom_1561713648249{padding-bottom: 35px !important;}&#8220; el_class=&#8220;program_event_zeile&#8220;][vc_column_inner width=&#8220;1\/4&#8243;][vc_column_text]<\/p>\n<h5><strong>01:00 PM<\/strong><\/h5>\n<p>[\/vc_column_text][\/vc_column_inner][vc_column_inner width=&#8220;2\/4&#8243;][vc_column_text el_class=&#8220;program_title&#8220;]<\/p>\n<h4><a href=\"https:\/\/www.kifife-operndorf.com\/de\/program\/workshops-storytelling-animation-3-2\/\"><strong>Workshops<\/strong><\/a><\/h4>\n<p>[\/vc_column_text][vc_empty_space height=&#8220;10px&#8220;][vc_column_text]<\/p>\n<ul>\n<li><strong>Animation<\/strong> mit Doh Daiga (Kamerun)<\/li>\n<li><b>Drehbuch<\/b> mit Sidiki Yougbare\u0301 (Burkina Faso)<\/li>\n<li><strong>Schauspiel<\/strong> mit E\u0301le\u0301onore Kocty (Burkina Faso)<\/li>\n<\/ul>\n<p>[\/vc_column_text][\/vc_column_inner][vc_column_inner width=&#8220;1\/4&#8243;][vc_column_text el_class=&#8220;program_location&#8220;]<\/p>\n<h5><strong><span style=\"color: #fc1ba2;\">OPERNDORF<\/span><\/strong><\/h5>\n<p>[\/vc_column_text][\/vc_column_inner][\/vc_row_inner][vc_row_inner equal_height=&#8220;yes&#8220; content_placement=&#8220;top&#8220; css=&#8220;.vc_custom_1561713648249{padding-bottom: 35px !important;}&#8220; el_class=&#8220;program_event_zeile&#8220;][vc_column_inner width=&#8220;1\/4&#8243;][vc_column_text]<\/p>\n<h5><strong>01:00 PM<\/strong><\/h5>\n<p>[\/vc_column_text][\/vc_column_inner][vc_column_inner width=&#8220;2\/4&#8243;][vc_column_text el_class=&#8220;program_title&#8220;]<\/p>\n<h4><strong><a href=\"https:\/\/www.kifife-operndorf.com\/de\/program\/filmvorfuhrung-jacob-salem-rock-the-naaba-und-les-contes-de-raya\/\">Screening<\/a><\/strong><\/h4>\n<p>[\/vc_column_text][vc_empty_space height=&#8220;10px&#8220;][vc_column_text]<strong>Jacob Salem Rock the Naaba <\/strong>von Parat\u00e9 Yam\u00e9ogo und Jean-Claude Frisque<\/p>\n<p>Burkina Faso\/France I 2020 I Dokumentation I 32 min.<\/p>\n<p><strong>LES CONTES DE RAYA <\/strong>von Adja Soro<strong><br \/>\n<\/strong><\/p>\n<p>C\u00f4te d&#8217;Ivoire I 2021 I Animation I 78 min.[\/vc_column_text][\/vc_column_inner][vc_column_inner width=&#8220;1\/4&#8243;][vc_column_text el_class=&#8220;program_location&#8220;]<\/p>\n<h5><strong><span style=\"color: #fc1ba2;\">OPERNDORF<\/span><\/strong><\/h5>\n<p>[\/vc_column_text][\/vc_column_inner][\/vc_row_inner][vc_row_inner equal_height=&#8220;yes&#8220; content_placement=&#8220;top&#8220; css=&#8220;.vc_custom_1561713648249{padding-bottom: 35px !important;}&#8220; el_class=&#8220;program_event_zeile&#8220;][vc_column_inner width=&#8220;1\/4&#8243;][vc_column_text]<\/p>\n<h5><strong>07:00 PM<\/strong><\/h5>\n<p>[\/vc_column_text][\/vc_column_inner][vc_column_inner width=&#8220;2\/4&#8243;][vc_column_text el_class=&#8220;program_title&#8220;]<\/p>\n<h4><a href=\"https:\/\/www.kifife-operndorf.com\/de\/program\/filmvorfuhrung-wendemi\/\"><strong>Screening<\/strong><\/a><\/h4>\n<p>[\/vc_column_text][vc_empty_space height=&#8220;10px&#8220;][vc_column_text]<strong>WENDEMI, L\u2019ENFANT DU BON DIEU <\/strong>von Saint-Pierre Yame\u0301ogo<\/p>\n<p>Burkina Faso I 1993 I Drama I 92 min.[\/vc_column_text][\/vc_column_inner][vc_column_inner width=&#8220;1\/4&#8243;][vc_column_text el_class=&#8220;program_location&#8220;]<\/p>\n<h5><strong><span style=\"color: #fc1ba2;\">TAMISSI<\/span><\/strong><\/h5>\n<p>[\/vc_column_text][\/vc_column_inner][\/vc_row_inner][\/vc_column][vc_column width=&#8220;1\/6&#8243;][\/vc_column][\/vc_row][vc_row el_class=&#8220;program_bg_muster2&#8243; css=&#8220;.vc_custom_1583325019438{background-image: url(https:\/\/www.kifife-operndorf.com\/wp-content\/uploads\/2019\/07\/bg_weiss_rosa_5_40px.png?id=5668) !important;}&#8220;][vc_column][\/vc_column][\/vc_row][vc_row row_content_width=&#8220;grid&#8220; css=&#8220;.vc_custom_1561718724864{padding-top: 80px !important;padding-bottom: 150px !important;}&#8220;][vc_column width=&#8220;1\/6&#8243;][\/vc_column][vc_column width=&#8220;2\/3&#8243;]<h3 class=\"qodef-custom-font-holder  qodef-cf-8165  \" style=\"text-align: left\" data-item-class=\"qodef-cf-8165\">\n\tSamstag, 7. Mai<\/h3><div class=\"qodef-single-image-holder   \">\n    <div class=\"qodef-si-inner\" >\n                                    <img loading=\"lazy\" decoding=\"async\" width=\"4128\" height=\"133\" src=\"https:\/\/www.kifife-operndorf.com\/wp-content\/uploads\/2019\/06\/Afrika_Muster1.png\" class=\"attachment-full size-full\" alt=\"\" srcset=\"https:\/\/www.kifife-operndorf.com\/wp-content\/uploads\/2019\/06\/Afrika_Muster1.png 4128w, https:\/\/www.kifife-operndorf.com\/wp-content\/uploads\/2019\/06\/Afrika_Muster1-300x10.png 300w, https:\/\/www.kifife-operndorf.com\/wp-content\/uploads\/2019\/06\/Afrika_Muster1-768x25.png 768w, https:\/\/www.kifife-operndorf.com\/wp-content\/uploads\/2019\/06\/Afrika_Muster1-1024x33.png 1024w\" sizes=\"auto, (max-width: 4128px) 100vw, 4128px\" \/>                        <\/div>\n<\/div>[vc_empty_space height=&#8220;42px&#8220;][vc_row_inner equal_height=&#8220;yes&#8220; content_placement=&#8220;top&#8220; css=&#8220;.vc_custom_1561713648249{padding-bottom: 35px !important;}&#8220; el_class=&#8220;program_event_zeile&#8220;][vc_column_inner width=&#8220;1\/4&#8243;][vc_column_text][\/vc_column_text][\/vc_column_inner][vc_column_inner width=&#8220;2\/4&#8243;][vc_empty_space height=&#8220;10px&#8220;][vc_column_text][\/vc_column_text][\/vc_column_inner][vc_column_inner width=&#8220;1\/4&#8243;][\/vc_column_inner][\/vc_row_inner][vc_row_inner equal_height=&#8220;yes&#8220; content_placement=&#8220;top&#8220; css=&#8220;.vc_custom_1561713648249{padding-bottom: 35px !important;}&#8220; el_class=&#8220;program_event_zeile&#8220;][vc_column_inner width=&#8220;1\/4&#8243;][vc_column_text]<\/p>\n<h5><strong>09:30 AM<\/strong><\/h5>\n<p>[\/vc_column_text][\/vc_column_inner][vc_column_inner width=&#8220;2\/4&#8243;][vc_column_text el_class=&#8220;program_title&#8220;]<\/p>\n<h4><a href=\"https:\/\/www.kifife-operndorf.com\/de\/?post_type=portfolio-item&amp;p=9255&amp;preview=true\"><strong>Abschlussveranstaltung<\/strong><\/a><\/h4>\n<p>[\/vc_column_text][vc_empty_space height=&#8220;10px&#8220;][vc_column_text]Abschlusszeremonie der 3. Ausgabe des KIFIFE &#8211; Workshoppr\u00e4sentationen &#8211; Cocktail[\/vc_column_text][\/vc_column_inner][vc_column_inner width=&#8220;1\/4&#8243;][vc_column_text el_class=&#8220;program_location&#8220;]<\/p>\n<h5><strong><span style=\"color: #fc1ba2;\">OPERNDORF<\/span><\/strong><\/h5>\n<p>[\/vc_column_text][\/vc_column_inner][\/vc_row_inner][vc_row_inner equal_height=&#8220;yes&#8220; content_placement=&#8220;top&#8220; css=&#8220;.vc_custom_1561713648249{padding-bottom: 35px !important;}&#8220; el_class=&#8220;program_event_zeile&#8220;][vc_column_inner width=&#8220;1\/4&#8243;][vc_column_text]<\/p>\n<h5><strong>07:30 PM<\/strong><\/h5>\n<p>[\/vc_column_text][\/vc_column_inner][vc_column_inner width=&#8220;2\/4&#8243;][vc_column_text el_class=&#8220;program_title&#8220;]<\/p>\n<h4><a href=\"https:\/\/www.kifife-operndorf.com\/de\/program\/filmvorfuehrung-abg-gulma\/\"><strong>Screening<\/strong><\/a><\/h4>\n<p>[\/vc_column_text][vc_empty_space height=&#8220;10px&#8220;][vc_column_text]<strong>WENDEMI, L\u2019ENFANT DU BON DIEU <\/strong>von Saint-Pierre Yame\u0301ogo<\/p>\n<p>Burkina Faso I 1993 I drama I 92 min.<\/p>\n<p><strong>ABG-GULMA <\/strong>by Gide\u0301on Vink<\/p>\n<p>Burkina Faso I 2020\u00a0 I 26 min.[\/vc_column_text][\/vc_column_inner][vc_column_inner width=&#8220;1\/4&#8243;][vc_column_text el_class=&#8220;program_location&#8220;]<\/p>\n<h5><strong><span style=\"color: #fc1ba2;\">ZINIAR\u00c9<br \/>\n<\/span><\/strong><\/h5>\n<p>[\/vc_column_text][\/vc_column_inner][\/vc_row_inner][\/vc_column][vc_column width=&#8220;1\/6&#8243;][\/vc_column][\/vc_row]<\/p>\n<\/div>","protected":false},"excerpt":{"rendered":"<p>[vc_row row_content_width=&#8220;grid&#8220; css=&#8220;.vc_custom_1561717674794{padding-top: 130px !important;padding-bottom: 80px !important;}&#8220;][vc_column width=&#8220;1\/6&#8243;][\/vc_column][vc_column width=&#8220;2\/3&#8243;][vc_custom_heading text=&#8220;Festivalprogramm&#8220; font_container=&#8220;tag:h2|text_align:center&#8220; use_theme_fonts=&#8220;yes&#8220;][vc_empty_space height=&#8220;42px&#8220;][\/vc_column][vc_column width=&#8220;1\/6&#8243;][\/vc_column][\/vc_row][vc_row row_content_width=&#8220;grid&#8220; simple_background_color=&#8220;#fff79a&#8220; css=&#8220;.vc_custom_1561718121721{padding-top: 80px !important;padding-bottom: 100px !important;}&#8220;][vc_column width=&#8220;1\/6&#8243;][\/vc_column][vc_column width=&#8220;2\/3&#8243;][vc_empty_space height=&#8220;42px&#8220;][vc_row_inner equal_height=&#8220;yes&#8220; content_placement=&#8220;top&#8220; css=&#8220;.vc_custom_1561713648249{padding-bottom: 35px !important;}&#8220; el_class=&#8220;program_event_zeile&#8220;][vc_column_inner width=&#8220;1\/4&#8243;][vc_column_text] 09:30 Uhr [\/vc_column_text][\/vc_column_inner][vc_column_inner width=&#8220;2\/4&#8243;][vc_column_text el_class=&#8220;program_title&#8220;] Festivaler\u00f6ffnung [\/vc_column_text][\/vc_column_inner][vc_column_inner width=&#8220;1\/4&#8243;][vc_column_text el_class=&#8220;program_location&#8220;] OPERNDORF [\/vc_column_text][\/vc_column_inner][\/vc_row_inner][vc_row_inner equal_height=&#8220;yes&#8220; content_placement=&#8220;top&#8220; css=&#8220;.vc_custom_1561713648249{padding-bottom: 35px !important;}&#8220; el_class=&#8220;program_event_zeile&#8220;][vc_column_inner width=&#8220;1\/4&#8243;][vc_column_text] 01:00 PM [\/vc_column_text][\/vc_column_inner][vc_column_inner width=&#8220;2\/4&#8243;][vc_column_text el_class=&#8220;program_title&#8220;] Workshops [\/vc_column_text][vc_empty_space height=&#8220;10px&#8220;][vc_column_text] Animation mit Doh Daiga (Kamerun) Drehbuch mit Sidiki Yougbare\u0301 (Burkina Faso) Schauspiel mit E\u0301le\u0301onore Kocty (Burkina Faso) [\/vc_column_text][\/vc_column_inner][vc_column_inner width=&#8220;1\/4&#8243;][vc_column_text el_class=&#8220;program_location&#8220;] OPERNDORF [\/vc_column_text][\/vc_column_inner][\/vc_row_inner][vc_row_inner equal_height=&#8220;yes&#8220; content_placement=&#8220;top&#8220; css=&#8220;.vc_custom_1561713648249{padding-bottom: 35px !important;}&#8220; el_class=&#8220;program_event_zeile&#8220;][vc_column_inner width=&#8220;1\/4&#8243;][vc_column_text] 01:00 PM [\/vc_column_text][\/vc_column_inner][vc_column_inner width=&#8220;2\/4&#8243;][vc_column_text el_class=&#8220;program_title&#8220;] Screening [\/vc_column_text][vc_empty_space height=&#8220;10px&#8220;][vc_column_text]Kurzfilmprogramm (in Kollaboration mit Association Burkinab\u00e8 de [&hellip;]<\/p>\n","protected":false},"author":2,"featured_media":0,"parent":0,"menu_order":0,"comment_status":"closed","ping_status":"closed","template":"full-width.php","meta":{"footnotes":""},"class_list":["post-5929","page","type-page","status-publish","hentry"],"_links":{"self":[{"href":"https:\/\/www.kifife-operndorf.com\/de\/wp-json\/wp\/v2\/pages\/5929","targetHints":{"allow":["GET"]}}],"collection":[{"href":"https:\/\/www.kifife-operndorf.com\/de\/wp-json\/wp\/v2\/pages"}],"about":[{"href":"https:\/\/www.kifife-operndorf.com\/de\/wp-json\/wp\/v2\/types\/page"}],"author":[{"embeddable":true,"href":"https:\/\/www.kifife-operndorf.com\/de\/wp-json\/wp\/v2\/users\/2"}],"replies":[{"embeddable":true,"href":"https:\/\/www.kifife-operndorf.com\/de\/wp-json\/wp\/v2\/comments?post=5929"}],"version-history":[{"count":0,"href":"https:\/\/www.kifife-operndorf.com\/de\/wp-json\/wp\/v2\/pages\/5929\/revisions"}],"wp:attachment":[{"href":"https:\/\/www.kifife-operndorf.com\/de\/wp-json\/wp\/v2\/media?parent=5929"}],"curies":[{"name":"wp","href":"https:\/\/api.w.org\/{rel}","templated":true}]}}