{"id":6115,"date":"2019-07-03T17:18:33","date_gmt":"2019-07-03T17:18:33","guid":{"rendered":"https:\/\/www.kifife-operndorf.com\/?page_id=6115"},"modified":"2020-03-11T11:10:47","modified_gmt":"2020-03-11T11:10:47","slug":"impressum","status":"publish","type":"page","link":"https:\/\/www.kifife-operndorf.com\/de\/impressum\/","title":{"rendered":"Impressum"},"content":{"rendered":"<div class=\"wpb-content-wrapper\"><p>[vc_row css=&#8220;.vc_custom_1562061186101{padding-bottom: 130px !important;}&#8220;][vc_column]\n<div id=\"qodef-svg-morph-5402\" \n\tclass=\"qodef-svg-morph-holder qodef-absolute qodef-vertical-alignment-top qodef-horizontal-alignment-left\" \n\tstyle=\"transform: translateX(-72%) translateY(15%)\"\tdata-speed=\"4000\">\n\t\t<svg xmlns=\"http:\/\/www.w3.org\/2000\/svg\" width=\"856.078px\" height=\"682px\" viewBox=\"0 0 856.078 682\">\n\t<path fill=\"#19dba0\" d=\"M159.236,101.98C290.04,30.357,457.091-10.676,606.09,2.42c140.342,12.335,273.224,115.747,246.549,268.154\n\t\tC827.654,413.327,690.976,521.654,575.342,596.25c-138.948,89.636-292.46,127.712-432.363,20.95\n\t\tC32.367,532.791-36.893,384.484,20.812,249.227C47.431,186.833,100.069,134.377,159.236,101.98z\"\/>\n\t<path fill=\"#19dba0\" d=\"M85.107,33.083c130.805-71.623,268.804,45.621,423.386-17.376c130.466-53.168,296.692,33.563,270.017,185.97\n\t\tc-24.985,142.754-223.519,192.011-360.013,219.009C256.289,452.772,208.754,655.066,68.85,548.304\n\t\tc-110.611-84.409-68.039-196.35-10.334-331.607C85.135,154.303,25.941,65.481,85.107,33.083z\"\/>\n<\/svg><\/div>\n<div id=\"qodef-svg-morph-1625\" \n\tclass=\"qodef-svg-morph-holder qodef-absolute qodef-vertical-alignment-top qodef-horizontal-alignment-right\" \n\tstyle=\"transform: translateX(87%) translateY(180px)\"\tdata-speed=\"4500\">\n\t\t<svg xmlns=\"http:\/\/www.w3.org\/2000\/svg\" width=\"915.046px\" height=\"800px\" viewBox=\"0 0 915.046 800\">\n<path fill=\"#ca73b8\" d=\"M594.011,4.261c23.966,4.169,47.955,11.931,71.75,24.212c106.865,55.154,143.464,166.42,181.798,263.061\n\tc53.031,133.697,111.119,303.394,19.089,407.753c-60.039,68.082-157.691,103.553-259.701,100.535\n\tc-36.884,0.404-75.542-2.795-114.739-9.415C296.223,757.306,86.768,638.674,17.892,463.093\n\tC-41.309,312.169,56.153,206.014,167.608,139.72C277.314,74.467,446.528-21.392,594.011,4.261z\"\/>\n<path fill=\"#ca73b8\" d=\"M587.607,2.572c23.966,4.169,47.955,11.931,71.75,24.212c106.865,55.154,69.137,195.105,79.763,298.527\n\tc15,146,213.154,267.928,121.124,372.287C800.205,765.68,702.554,801.15,600.543,798.133\n\tc-36.884,0.404-55.423-91.822-102.423-123.822C333.825,562.451,80.365,636.985,11.488,461.403\n\tC-47.712,310.48,135.664,281.604,247.12,215.311C356.825,150.058,440.124-23.081,587.607,2.572z\"\/>\n<\/svg><\/div>[vc_row_inner css=&#8220;.vc_custom_1562061215137{padding-top: 130px !important;}&#8220;][vc_column_inner width=&#8220;1\/6&#8243;][\/vc_column_inner][vc_column_inner width=&#8220;2\/3&#8243;][vc_custom_heading text=&#8220;Impressum&#8220; font_container=&#8220;tag:h2|text_align:center&#8220; use_theme_fonts=&#8220;yes&#8220;]<div class=\"qodef-single-image-holder   \">\n    <div class=\"qodef-si-inner\" >\n                                    <img loading=\"lazy\" decoding=\"async\" width=\"4128\" height=\"133\" src=\"https:\/\/www.kifife-operndorf.com\/wp-content\/uploads\/2019\/06\/Afrika_Muster1.png\" class=\"attachment-full size-full\" alt=\"\" srcset=\"https:\/\/www.kifife-operndorf.com\/wp-content\/uploads\/2019\/06\/Afrika_Muster1.png 4128w, https:\/\/www.kifife-operndorf.com\/wp-content\/uploads\/2019\/06\/Afrika_Muster1-300x10.png 300w, https:\/\/www.kifife-operndorf.com\/wp-content\/uploads\/2019\/06\/Afrika_Muster1-768x25.png 768w, https:\/\/www.kifife-operndorf.com\/wp-content\/uploads\/2019\/06\/Afrika_Muster1-1024x33.png 1024w\" sizes=\"auto, (max-width: 4128px) 100vw, 4128px\" \/>                        <\/div>\n<\/div>[\/vc_column_inner][vc_column_inner width=&#8220;1\/6&#8243;][\/vc_column_inner][\/vc_row_inner][\/vc_column][\/vc_row][vc_row row_content_width=&#8220;grid&#8220; css=&#8220;.vc_custom_1562061170625{padding-bottom: 100px !important;}&#8220;][vc_column width=&#8220;1\/4&#8243;][\/vc_column][vc_column width=&#8220;1\/2&#8243;][vc_column_text]<\/p>\n<h4><span class=\"archivo\">Postanschrift Deutschland<\/span><\/h4>\n<h4>Fehrbelliner Str. 56<br \/>\n10119 Berlin<br \/>\nTel: +49 (0) 30 400 459 42<br \/>\n<a href=\"mailto:festspielhaus@schlingensief.com\">festspielhaus@schlingensief.com<\/a><\/h4>\n<p>&nbsp;<\/p>\n<p>&nbsp;<\/p>\n<h4><span class=\"archivo\">Postanschrift Burkina Faso<\/span><\/h4>\n<h4>Village-Op\u00e9ra<br \/>\nFestspielhaus Afrika gGmbH<br \/>\nBP 510 Ziniar\u00e9<br \/>\nBurkina Faso<br \/>\n<a href=\"mailto:festspielhaus@schlingensief.com\">festspielhaus@schlingensief.com<\/a><\/h4>\n<p>&nbsp;<\/p>\n<p>&nbsp;<\/p>\n<p><span class=\"archivo\"><strong>Inhaltlich Verantwortlicher gem\u00e4\u00df \u00a7 55 Abs. 2 RStV: <\/strong><\/span><\/p>\n<p>Aino Laberenz<br \/>\n<a href=\"mailto:laberenz@schlingensief.com\">laberenz@schlingensief.com<\/a><\/p>\n<p>&nbsp;<\/p>\n<p>&nbsp;<\/p>\n<p><span class=\"archivo\"><strong>Registergericht<\/strong><\/span><br \/>\nAmtsgericht Berlin-Charlottenburg, F1103<\/p>\n<p>&nbsp;<\/p>\n<p>&nbsp;<\/p>\n<p><span class=\"archivo\"><strong>Registernummer<\/strong><\/span><br \/>\nHR 120749 B<\/p>\n<p>Operndorf Afrika \u2013 Eine Initiative von Christoph Schlingensief<\/p>\n<p>Inhaltlich Verantwortlicher gem\u00e4\u00df \u00a7 55 Abs. 2 RStV: Aino Laberenz<\/p>\n<p>Trotz sorgf\u00e4ltiger inhaltlicher Kontrolle \u00fcbernehmen wir<br \/>\nkeine Haftung f\u00fcr die Inhalte externer Links. F\u00fcr den Inhalt der verlinkten<br \/>\nSeiten sind ausschlie\u00dflich deren Betreiber verantwortlich.<\/p>\n<p>&nbsp;<\/p>\n<p>&nbsp;<\/p>\n<p><strong>KIFIFE Design und Realisierung dieser Website<\/strong><br \/>\n<a href=\"http:\/\/www.patrickhilss.de\" target=\"_blank\" rel=\"noopener noreferrer\"><span class=\"archivo\">Patrick Hilss Visuelle Gestaltung<\/span><\/a><\/p>\n<p>&nbsp;<\/p>\n<p>&nbsp;<\/p>\n<p><strong>Fotos von<\/strong><\/p>\n<p>Marie K\u00f6hler<br \/>\nLennart Laberenz<br \/>\nFrieder Schlaich<br \/>\nVivien Sawadogo<br \/>\nMotandi Ouoba<br \/>\nThomas Rommel[\/vc_column_text][\/vc_column][vc_column width=&#8220;1\/4&#8243;][\/vc_column][\/vc_row][vc_row row_content_width=&#8220;grid&#8220; css=&#8220;.vc_custom_1561584775297{padding-bottom: 123px !important;}&#8220;][vc_column width=&#8220;1\/6&#8243;][\/vc_column][vc_column width=&#8220;2\/3&#8243;]<div class=\"qodef-call-to-action-holder  qodef-normal-layout  qodef-three-quarters-columns\">\n\t<div class=\"qodef-cta-inner \">\n\t\t<div class=\"qodef-cta-text-holder\">\n\t\t\t<div class=\"qodef-cta-text\">\n<h4>Mehr Informationen zum Operndorf<\/h4>\n<\/div>\n\t\t<\/div>\n\t\t<div class=\"qodef-cta-button-holder\" >\n\t\t\t<div class=\"qodef-cta-button\"><a itemprop=\"url\" href=\"http:\/\/www.operndorf-afrika.com\" target=\"_blank\"  class=\"qodef-btn qodef-btn-medium qodef-btn-solid\"  >    <span class=\"qodef-btn-text\">Operndorf Afrika Website<\/span>    <\/a><\/div>\n\t\t<\/div>\n\t<\/div>\n<\/div>[\/vc_column][vc_column width=&#8220;1\/6&#8243;][\/vc_column][\/vc_row]<\/p>\n<\/div>","protected":false},"excerpt":{"rendered":"<p>[vc_row css=&#8220;.vc_custom_1562061186101{padding-bottom: 130px !important;}&#8220;][vc_column][vc_row_inner css=&#8220;.vc_custom_1562061215137{padding-top: 130px !important;}&#8220;][vc_column_inner width=&#8220;1\/6&#8243;][\/vc_column_inner][vc_column_inner width=&#8220;2\/3&#8243;][vc_custom_heading text=&#8220;Impressum&#8220; font_container=&#8220;tag:h2|text_align:center&#8220; use_theme_fonts=&#8220;yes&#8220;][\/vc_column_inner][vc_column_inner width=&#8220;1\/6&#8243;][\/vc_column_inner][\/vc_row_inner][\/vc_column][\/vc_row][vc_row row_content_width=&#8220;grid&#8220; css=&#8220;.vc_custom_1562061170625{padding-bottom: 100px !important;}&#8220;][vc_column width=&#8220;1\/4&#8243;][\/vc_column][vc_column width=&#8220;1\/2&#8243;][vc_column_text] Postanschrift Deutschland Fehrbelliner Str. 56 10119 Berlin Tel: +49 (0) 30 400 459 42 festspielhaus@schlingensief.com &nbsp; &nbsp; Postanschrift Burkina Faso Village-Op\u00e9ra Festspielhaus Afrika gGmbH BP 510 Ziniar\u00e9 Burkina Faso festspielhaus@schlingensief.com &nbsp; &nbsp; Inhaltlich Verantwortlicher gem\u00e4\u00df \u00a7 55 Abs. 2 RStV: Aino Laberenz laberenz@schlingensief.com &nbsp; &nbsp; Registergericht Amtsgericht Berlin-Charlottenburg, F1103 &nbsp; &nbsp; Registernummer HR 120749 B Operndorf Afrika \u2013 Eine Initiative von Christoph Schlingensief Inhaltlich Verantwortlicher gem\u00e4\u00df \u00a7 55 Abs. 2 RStV: Aino Laberenz Trotz sorgf\u00e4ltiger inhaltlicher Kontrolle \u00fcbernehmen wir keine Haftung [&hellip;]<\/p>\n","protected":false},"author":2,"featured_media":0,"parent":0,"menu_order":0,"comment_status":"closed","ping_status":"closed","template":"full-width.php","meta":{"footnotes":""},"class_list":["post-6115","page","type-page","status-publish","hentry"],"_links":{"self":[{"href":"https:\/\/www.kifife-operndorf.com\/de\/wp-json\/wp\/v2\/pages\/6115","targetHints":{"allow":["GET"]}}],"collection":[{"href":"https:\/\/www.kifife-operndorf.com\/de\/wp-json\/wp\/v2\/pages"}],"about":[{"href":"https:\/\/www.kifife-operndorf.com\/de\/wp-json\/wp\/v2\/types\/page"}],"author":[{"embeddable":true,"href":"https:\/\/www.kifife-operndorf.com\/de\/wp-json\/wp\/v2\/users\/2"}],"replies":[{"embeddable":true,"href":"https:\/\/www.kifife-operndorf.com\/de\/wp-json\/wp\/v2\/comments?post=6115"}],"version-history":[{"count":0,"href":"https:\/\/www.kifife-operndorf.com\/de\/wp-json\/wp\/v2\/pages\/6115\/revisions"}],"wp:attachment":[{"href":"https:\/\/www.kifife-operndorf.com\/de\/wp-json\/wp\/v2\/media?parent=6115"}],"curies":[{"name":"wp","href":"https:\/\/api.w.org\/{rel}","templated":true}]}}